{"id":27,"date":"2023-11-07T15:12:24","date_gmt":"2023-11-07T15:12:24","guid":{"rendered":"https:\/\/place2eat.eu\/?page_id=27"},"modified":"2024-07-01T11:20:26","modified_gmt":"2024-07-01T11:20:26","slug":"home","status":"publish","type":"page","link":"https:\/\/place2eat.eu\/","title":{"rendered":"Home"},"content":{"rendered":"\t\t<div data-elementor-type=\"wp-page\" data-elementor-id=\"27\" class=\"elementor elementor-27\">\n\t\t\t\t<div class=\"elementor-element elementor-element-63503cc e-flex e-con-boxed e-con e-parent\" data-id=\"63503cc\" data-element_type=\"container\" data-settings=\"{&quot;background_background&quot;:&quot;slideshow&quot;,&quot;background_slideshow_gallery&quot;:[{&quot;id&quot;:48,&quot;url&quot;:&quot;https:\\\/\\\/place2eat.eu\\\/wp-content\\\/uploads\\\/2023\\\/11\\\/galpic4.jpg&quot;},{&quot;id&quot;:51,&quot;url&quot;:&quot;https:\\\/\\\/place2eat.eu\\\/wp-content\\\/uploads\\\/2023\\\/11\\\/galpic1.jpg&quot;},{&quot;id&quot;:50,&quot;url&quot;:&quot;https:\\\/\\\/place2eat.eu\\\/wp-content\\\/uploads\\\/2023\\\/11\\\/galpic2.jpg&quot;}],&quot;background_slideshow_loop&quot;:&quot;yes&quot;,&quot;background_slideshow_slide_duration&quot;:5000,&quot;background_slideshow_slide_transition&quot;:&quot;fade&quot;,&quot;background_slideshow_transition_duration&quot;:500}\">\n\t\t\t\t\t<div class=\"e-con-inner\">\n\t\t<div class=\"elementor-element elementor-element-9b36823 e-con-full e-flex e-con e-child\" data-id=\"9b36823\" data-element_type=\"container\">\n\t\t\t\t<\/div>\n\t\t<div class=\"elementor-element elementor-element-65f54b3 e-con-full e-flex e-con e-child\" data-id=\"65f54b3\" data-element_type=\"container\">\n\t\t\t\t<div class=\"elementor-element elementor-element-23c70c3 elementor-widget elementor-widget-spacer\" data-id=\"23c70c3\" data-element_type=\"widget\" data-widget_type=\"spacer.default\">\n\t\t\t\t<div class=\"elementor-widget-container\">\n\t\t\t<style>\/*! elementor - v3.23.0 - 05-08-2024 *\/\n.elementor-column .elementor-spacer-inner{height:var(--spacer-size)}.e-con{--container-widget-width:100%}.e-con-inner>.elementor-widget-spacer,.e-con>.elementor-widget-spacer{width:var(--container-widget-width,var(--spacer-size));--align-self:var(--container-widget-align-self,initial);--flex-shrink:0}.e-con-inner>.elementor-widget-spacer>.elementor-widget-container,.e-con>.elementor-widget-spacer>.elementor-widget-container{height:100%;width:100%}.e-con-inner>.elementor-widget-spacer>.elementor-widget-container>.elementor-spacer,.e-con>.elementor-widget-spacer>.elementor-widget-container>.elementor-spacer{height:100%}.e-con-inner>.elementor-widget-spacer>.elementor-widget-container>.elementor-spacer>.elementor-spacer-inner,.e-con>.elementor-widget-spacer>.elementor-widget-container>.elementor-spacer>.elementor-spacer-inner{height:var(--container-widget-height,var(--spacer-size))}.e-con-inner>.elementor-widget-spacer.elementor-widget-empty,.e-con>.elementor-widget-spacer.elementor-widget-empty{position:relative;min-height:22px;min-width:22px}.e-con-inner>.elementor-widget-spacer.elementor-widget-empty .elementor-widget-empty-icon,.e-con>.elementor-widget-spacer.elementor-widget-empty .elementor-widget-empty-icon{position:absolute;top:0;bottom:0;left:0;right:0;margin:auto;padding:0;width:22px;height:22px}<\/style>\t\t<div class=\"elementor-spacer\">\n\t\t\t<div class=\"elementor-spacer-inner\"><\/div>\n\t\t<\/div>\n\t\t\t\t<\/div>\n\t\t\t\t<\/div>\n\t\t\t\t<div class=\"elementor-element elementor-element-1493025 elementor-widget elementor-widget-heading\" data-id=\"1493025\" data-element_type=\"widget\" data-widget_type=\"heading.default\">\n\t\t\t\t<div class=\"elementor-widget-container\">\n\t\t\t<style>\/*! elementor - v3.23.0 - 05-08-2024 *\/\n.elementor-heading-title{padding:0;margin:0;line-height:1}.elementor-widget-heading .elementor-heading-title[class*=elementor-size-]>a{color:inherit;font-size:inherit;line-height:inherit}.elementor-widget-heading .elementor-heading-title.elementor-size-small{font-size:15px}.elementor-widget-heading .elementor-heading-title.elementor-size-medium{font-size:19px}.elementor-widget-heading .elementor-heading-title.elementor-size-large{font-size:29px}.elementor-widget-heading .elementor-heading-title.elementor-size-xl{font-size:39px}.elementor-widget-heading .elementor-heading-title.elementor-size-xxl{font-size:59px}<\/style><h2 class=\"elementor-heading-title elementor-size-default\">Essenziel f\u00fcr jedes Restaurant<\/h2>\t\t<\/div>\n\t\t\t\t<\/div>\n\t\t\t\t<div class=\"elementor-element elementor-element-331bfc0 elementor-align-center elementor-widget elementor-widget-button\" data-id=\"331bfc0\" data-element_type=\"widget\" data-widget_type=\"button.default\">\n\t\t\t\t<div class=\"elementor-widget-container\">\n\t\t\t\t\t<div class=\"elementor-button-wrapper\">\n\t\t\t<a class=\"elementor-button elementor-button-link elementor-size-sm\" href=\"https:\/\/web.place2eat.eu\/\">\n\t\t\t\t\t\t<span class=\"elementor-button-content-wrapper\">\n\t\t\t\t\t\t\t\t\t<span class=\"elementor-button-text\">ERKUNDEN<\/span>\n\t\t\t\t\t<\/span>\n\t\t\t\t\t<\/a>\n\t\t<\/div>\n\t\t\t\t<\/div>\n\t\t\t\t<\/div>\n\t\t\t\t<div class=\"elementor-element elementor-element-f2feaac elementor-widget elementor-widget-spacer\" data-id=\"f2feaac\" data-element_type=\"widget\" data-widget_type=\"spacer.default\">\n\t\t\t\t<div class=\"elementor-widget-container\">\n\t\t\t\t\t<div class=\"elementor-spacer\">\n\t\t\t<div class=\"elementor-spacer-inner\"><\/div>\n\t\t<\/div>\n\t\t\t\t<\/div>\n\t\t\t\t<\/div>\n\t\t\t\t<\/div>\n\t\t<div class=\"elementor-element elementor-element-46b9917 e-con-full e-flex e-con e-child\" data-id=\"46b9917\" data-element_type=\"container\">\n\t\t\t\t<\/div>\n\t\t\t\t\t<\/div>\n\t\t\t\t<\/div>\n\t\t<div class=\"elementor-element elementor-element-b54e76c e-flex e-con-boxed e-con e-parent\" data-id=\"b54e76c\" data-element_type=\"container\">\n\t\t\t\t\t<div class=\"e-con-inner\">\n\t\t\t\t<div class=\"elementor-element elementor-element-e4a8d9f elementor-widget elementor-widget-spacer\" data-id=\"e4a8d9f\" data-element_type=\"widget\" data-widget_type=\"spacer.default\">\n\t\t\t\t<div class=\"elementor-widget-container\">\n\t\t\t\t\t<div class=\"elementor-spacer\">\n\t\t\t<div class=\"elementor-spacer-inner\"><\/div>\n\t\t<\/div>\n\t\t\t\t<\/div>\n\t\t\t\t<\/div>\n\t\t\t\t<div class=\"elementor-element elementor-element-deedc75 elementor-widget elementor-widget-heading\" data-id=\"deedc75\" data-element_type=\"widget\" data-widget_type=\"heading.default\">\n\t\t\t\t<div class=\"elementor-widget-container\">\n\t\t\t<h2 class=\"elementor-heading-title elementor-size-default\">\u00dcber place2eat<\/h2>\t\t<\/div>\n\t\t\t\t<\/div>\n\t\t\t\t<div class=\"elementor-element elementor-element-4e0f337 elementor-widget elementor-widget-text-editor\" data-id=\"4e0f337\" data-element_type=\"widget\" data-widget_type=\"text-editor.default\">\n\t\t\t\t<div class=\"elementor-widget-container\">\n\t\t\t<style>\/*! elementor - v3.23.0 - 05-08-2024 *\/\n.elementor-widget-text-editor.elementor-drop-cap-view-stacked .elementor-drop-cap{background-color:#69727d;color:#fff}.elementor-widget-text-editor.elementor-drop-cap-view-framed .elementor-drop-cap{color:#69727d;border:3px solid;background-color:transparent}.elementor-widget-text-editor:not(.elementor-drop-cap-view-default) .elementor-drop-cap{margin-top:8px}.elementor-widget-text-editor:not(.elementor-drop-cap-view-default) .elementor-drop-cap-letter{width:1em;height:1em}.elementor-widget-text-editor .elementor-drop-cap{float:left;text-align:center;line-height:1;font-size:50px}.elementor-widget-text-editor .elementor-drop-cap-letter{display:inline-block}<\/style>\t\t\t\t<p>Place2Eat wurde mit Einfachheit und Intuition gestaltet. Nach unz\u00e4hligen Stunden und gro\u00dfer Hingabe bieten wir ein nahtloses Tischreservierungserlebnis. Wir hoffen, dass Sie es genauso sch\u00e4tzen wie wir. Tauchen Sie mit uns in Ihr kulinarisches Abenteuer ein!<\/p>\t\t\t\t\t\t<\/div>\n\t\t\t\t<\/div>\n\t\t\t\t<div class=\"elementor-element elementor-element-0a2e197 elementor-widget elementor-widget-image\" data-id=\"0a2e197\" data-element_type=\"widget\" data-widget_type=\"image.default\">\n\t\t\t\t<div class=\"elementor-widget-container\">\n\t\t\t<style>\/*! elementor - v3.23.0 - 05-08-2024 *\/\n.elementor-widget-image{text-align:center}.elementor-widget-image a{display:inline-block}.elementor-widget-image a img[src$=\".svg\"]{width:48px}.elementor-widget-image img{vertical-align:middle;display:inline-block}<\/style>\t\t\t\t\t\t\t\t\t\t<img fetchpriority=\"high\" decoding=\"async\" width=\"1024\" height=\"585\" src=\"https:\/\/place2eat.eu\/wp-content\/uploads\/2023\/11\/galpic3-1024x585.jpg\" class=\"attachment-large size-large wp-image-49\" alt=\"\" srcset=\"https:\/\/place2eat.eu\/wp-content\/uploads\/2023\/11\/galpic3-1024x585.jpg 1024w, https:\/\/place2eat.eu\/wp-content\/uploads\/2023\/11\/galpic3-300x171.jpg 300w, https:\/\/place2eat.eu\/wp-content\/uploads\/2023\/11\/galpic3-768x439.jpg 768w, https:\/\/place2eat.eu\/wp-content\/uploads\/2023\/11\/galpic3-1536x878.jpg 1536w, https:\/\/place2eat.eu\/wp-content\/uploads\/2023\/11\/galpic3.jpg 1792w\" sizes=\"(max-width: 1024px) 100vw, 1024px\" \/>\t\t\t\t\t\t\t\t\t\t\t\t\t<\/div>\n\t\t\t\t<\/div>\n\t\t\t\t<div class=\"elementor-element elementor-element-bb22d0a elementor-widget elementor-widget-spacer\" data-id=\"bb22d0a\" data-element_type=\"widget\" data-widget_type=\"spacer.default\">\n\t\t\t\t<div class=\"elementor-widget-container\">\n\t\t\t\t\t<div class=\"elementor-spacer\">\n\t\t\t<div class=\"elementor-spacer-inner\"><\/div>\n\t\t<\/div>\n\t\t\t\t<\/div>\n\t\t\t\t<\/div>\n\t\t\t\t\t<\/div>\n\t\t\t\t<\/div>\n\t\t<div class=\"elementor-element elementor-element-56ac324 e-flex e-con-boxed e-con e-parent\" data-id=\"56ac324\" data-element_type=\"container\">\n\t\t\t\t\t<div class=\"e-con-inner\">\n\t\t<div class=\"elementor-element elementor-element-5411b9c e-con-full e-flex e-con e-child\" data-id=\"5411b9c\" data-element_type=\"container\">\n\t\t\t\t<div class=\"elementor-element elementor-element-8c1751f elementor-widget elementor-widget-image\" data-id=\"8c1751f\" data-element_type=\"widget\" data-widget_type=\"image.default\">\n\t\t\t\t<div class=\"elementor-widget-container\">\n\t\t\t\t\t\t\t\t\t\t\t\t\t<img decoding=\"async\" width=\"1024\" height=\"585\" src=\"https:\/\/place2eat.eu\/wp-content\/uploads\/2023\/11\/gasthaus_innen-1024x585.jpg\" class=\"attachment-large size-large wp-image-55\" alt=\"\" srcset=\"https:\/\/place2eat.eu\/wp-content\/uploads\/2023\/11\/gasthaus_innen-1024x585.jpg 1024w, https:\/\/place2eat.eu\/wp-content\/uploads\/2023\/11\/gasthaus_innen-300x171.jpg 300w, https:\/\/place2eat.eu\/wp-content\/uploads\/2023\/11\/gasthaus_innen-768x439.jpg 768w, https:\/\/place2eat.eu\/wp-content\/uploads\/2023\/11\/gasthaus_innen-1536x878.jpg 1536w, https:\/\/place2eat.eu\/wp-content\/uploads\/2023\/11\/gasthaus_innen.jpg 1792w\" sizes=\"(max-width: 1024px) 100vw, 1024px\" \/>\t\t\t\t\t\t\t\t\t\t\t\t\t<\/div>\n\t\t\t\t<\/div>\n\t\t\t\t<div class=\"elementor-element elementor-element-04f4afe elementor-widget elementor-widget-heading\" data-id=\"04f4afe\" data-element_type=\"widget\" data-widget_type=\"heading.default\">\n\t\t\t\t<div class=\"elementor-widget-container\">\n\t\t\t<h2 class=\"elementor-heading-title elementor-size-default\">Restaurant Editor <\/h2>\t\t<\/div>\n\t\t\t\t<\/div>\n\t\t\t\t<div class=\"elementor-element elementor-element-208d9ad elementor-widget elementor-widget-text-editor\" data-id=\"208d9ad\" data-element_type=\"widget\" data-widget_type=\"text-editor.default\">\n\t\t\t\t<div class=\"elementor-widget-container\">\n\t\t\t\t\t\t\t<p>Mit unserem Restaurant-Editor steht Ihnen die Freiheit zur Verf\u00fcgung, Ihr Restaurant individuell und nach Belieben zu konfigurieren. Die benutzerfreundliche Oberfl\u00e4che erm\u00f6glicht es Ihnen, \u00c4nderungen schnell und unkompliziert vorzunehmen \u2013 und das zu jeder Zeit.<\/p><p>Gestalten Sie das Erlebnis f\u00fcr Ihre G\u00e4ste genau so, wie Sie es sich immer vorgestellt haben, mit einem Werkzeug, das Anpassungsf\u00e4higkeit und Einfachheit perfekt vereint.<\/p>\t\t\t\t\t\t<\/div>\n\t\t\t\t<\/div>\n\t\t\t\t<\/div>\n\t\t<div class=\"elementor-element elementor-element-c9aa079 e-con-full e-flex e-con e-child\" data-id=\"c9aa079\" data-element_type=\"container\">\n\t\t\t\t<div class=\"elementor-element elementor-element-9ac9e61 elementor-widget elementor-widget-image\" data-id=\"9ac9e61\" data-element_type=\"widget\" data-widget_type=\"image.default\">\n\t\t\t\t<div class=\"elementor-widget-container\">\n\t\t\t\t\t\t\t\t\t\t\t\t\t<img decoding=\"async\" width=\"1024\" height=\"585\" src=\"https:\/\/place2eat.eu\/wp-content\/uploads\/2023\/11\/kellner_review-1024x585.jpg\" class=\"attachment-large size-large wp-image-54\" alt=\"\" srcset=\"https:\/\/place2eat.eu\/wp-content\/uploads\/2023\/11\/kellner_review-1024x585.jpg 1024w, https:\/\/place2eat.eu\/wp-content\/uploads\/2023\/11\/kellner_review-300x171.jpg 300w, https:\/\/place2eat.eu\/wp-content\/uploads\/2023\/11\/kellner_review-768x439.jpg 768w, https:\/\/place2eat.eu\/wp-content\/uploads\/2023\/11\/kellner_review-1536x878.jpg 1536w, https:\/\/place2eat.eu\/wp-content\/uploads\/2023\/11\/kellner_review.jpg 1792w\" sizes=\"(max-width: 1024px) 100vw, 1024px\" \/>\t\t\t\t\t\t\t\t\t\t\t\t\t<\/div>\n\t\t\t\t<\/div>\n\t\t\t\t<div class=\"elementor-element elementor-element-f10baad elementor-widget elementor-widget-heading\" data-id=\"f10baad\" data-element_type=\"widget\" data-widget_type=\"heading.default\">\n\t\t\t\t<div class=\"elementor-widget-container\">\n\t\t\t<h2 class=\"elementor-heading-title elementor-size-default\">Intuitive Bedienung<\/h2>\t\t<\/div>\n\t\t\t\t<\/div>\n\t\t\t\t<div class=\"elementor-element elementor-element-292db39 elementor-widget elementor-widget-text-editor\" data-id=\"292db39\" data-element_type=\"widget\" data-widget_type=\"text-editor.default\">\n\t\t\t\t<div class=\"elementor-widget-container\">\n\t\t\t\t\t\t\t<p>Unser intuitives Design und die umfassenden Anleitungen machen es Ihrem Personal kinderleicht, sich in der Zukunft der Reservierungssysteme zurechtzufinden.<\/p><p>Mit wenigen Klicks k\u00f6nnen Ihre Mitarbeiter Reservierungen effizient verwalten und so den G\u00e4sten einen reibungslosen Service bieten. Wir setzen neue Ma\u00dfst\u00e4be f\u00fcr Benutzerfreundlichkeit und Funktionalit\u00e4t, um Ihr Gesch\u00e4ft in die Zukunft zu f\u00fchren.<\/p>\t\t\t\t\t\t<\/div>\n\t\t\t\t<\/div>\n\t\t\t\t<\/div>\n\t\t<div class=\"elementor-element elementor-element-b5dcaa5 e-con-full e-flex e-con e-child\" data-id=\"b5dcaa5\" data-element_type=\"container\">\n\t\t\t\t<div class=\"elementor-element elementor-element-235e865 elementor-widget elementor-widget-image\" data-id=\"235e865\" data-element_type=\"widget\" data-widget_type=\"image.default\">\n\t\t\t\t<div class=\"elementor-widget-container\">\n\t\t\t\t\t\t\t\t\t\t\t\t\t<img loading=\"lazy\" decoding=\"async\" width=\"1024\" height=\"585\" src=\"https:\/\/place2eat.eu\/wp-content\/uploads\/2023\/11\/gasthaus_ausen-1024x585.jpg\" class=\"attachment-large size-large wp-image-53\" alt=\"\" srcset=\"https:\/\/place2eat.eu\/wp-content\/uploads\/2023\/11\/gasthaus_ausen-1024x585.jpg 1024w, https:\/\/place2eat.eu\/wp-content\/uploads\/2023\/11\/gasthaus_ausen-300x171.jpg 300w, https:\/\/place2eat.eu\/wp-content\/uploads\/2023\/11\/gasthaus_ausen-768x439.jpg 768w, https:\/\/place2eat.eu\/wp-content\/uploads\/2023\/11\/gasthaus_ausen-1536x878.jpg 1536w, https:\/\/place2eat.eu\/wp-content\/uploads\/2023\/11\/gasthaus_ausen.jpg 1792w\" sizes=\"(max-width: 1024px) 100vw, 1024px\" \/>\t\t\t\t\t\t\t\t\t\t\t\t\t<\/div>\n\t\t\t\t<\/div>\n\t\t\t\t<div class=\"elementor-element elementor-element-88f0d52 elementor-widget elementor-widget-heading\" data-id=\"88f0d52\" data-element_type=\"widget\" data-widget_type=\"heading.default\">\n\t\t\t\t<div class=\"elementor-widget-container\">\n\t\t\t<h2 class=\"elementor-heading-title elementor-size-default\">Next-Level Analysen<\/h2>\t\t<\/div>\n\t\t\t\t<\/div>\n\t\t\t\t<div class=\"elementor-element elementor-element-04d2745 elementor-widget elementor-widget-text-editor\" data-id=\"04d2745\" data-element_type=\"widget\" data-widget_type=\"text-editor.default\">\n\t\t\t\t<div class=\"elementor-widget-container\">\n\t\t\t\t\t\t\t<p>St\u00e4rken Sie Ihr Gesch\u00e4ft mit Echtzeit-Einblicken und Analysen, die eine optimale Platzzuordnung und gesteigerte Kundenzufriedenheit gew\u00e4hrleisten.<\/p><p>Mit unseren Tools erhalten Sie wertvolle Daten, um Ihren Service zu verbessern und Ihre G\u00e4ste noch besser zu bedienen. Nutzen Sie die Kraft der Daten, um Ihr Restauranterlebnis zu perfektionieren.<\/p>\t\t\t\t\t\t<\/div>\n\t\t\t\t<\/div>\n\t\t\t\t<\/div>\n\t\t\t\t\t<\/div>\n\t\t\t\t<\/div>\n\t\t<div class=\"elementor-element elementor-element-551ffb4 e-flex e-con-boxed e-con e-parent\" data-id=\"551ffb4\" data-element_type=\"container\">\n\t\t\t\t\t<div class=\"e-con-inner\">\n\t\t\t\t<div class=\"elementor-element elementor-element-dd74926 elementor-widget elementor-widget-spacer\" data-id=\"dd74926\" data-element_type=\"widget\" data-widget_type=\"spacer.default\">\n\t\t\t\t<div class=\"elementor-widget-container\">\n\t\t\t\t\t<div class=\"elementor-spacer\">\n\t\t\t<div class=\"elementor-spacer-inner\"><\/div>\n\t\t<\/div>\n\t\t\t\t<\/div>\n\t\t\t\t<\/div>\n\t\t\t\t\t<\/div>\n\t\t\t\t<\/div>\n\t\t<div class=\"elementor-element elementor-element-f103863 e-flex e-con-boxed e-con e-parent\" data-id=\"f103863\" data-element_type=\"container\" data-settings=\"{&quot;background_background&quot;:&quot;classic&quot;}\">\n\t\t\t\t\t<div class=\"e-con-inner\">\n\t\t\t\t<div class=\"elementor-element elementor-element-1d09a37 elementor-widget elementor-widget-spacer\" data-id=\"1d09a37\" data-element_type=\"widget\" data-widget_type=\"spacer.default\">\n\t\t\t\t<div class=\"elementor-widget-container\">\n\t\t\t\t\t<div class=\"elementor-spacer\">\n\t\t\t<div class=\"elementor-spacer-inner\"><\/div>\n\t\t<\/div>\n\t\t\t\t<\/div>\n\t\t\t\t<\/div>\n\t\t\t\t<div class=\"elementor-element elementor-element-0b9b38f elementor-widget elementor-widget-heading\" data-id=\"0b9b38f\" data-element_type=\"widget\" data-widget_type=\"heading.default\">\n\t\t\t\t<div class=\"elementor-widget-container\">\n\t\t\t<h2 class=\"elementor-heading-title elementor-size-default\">Noch Fragen ? <\/h2>\t\t<\/div>\n\t\t\t\t<\/div>\n\t\t\t\t<div class=\"elementor-element elementor-element-bf642d3 elementor-align-center elementor-widget elementor-widget-button\" data-id=\"bf642d3\" data-element_type=\"widget\" data-widget_type=\"button.default\">\n\t\t\t\t<div class=\"elementor-widget-container\">\n\t\t\t\t\t<div class=\"elementor-button-wrapper\">\n\t\t\t<a class=\"elementor-button elementor-button-link elementor-size-sm\" href=\"https:\/\/tech2solutions.eu\/\">\n\t\t\t\t\t\t<span class=\"elementor-button-content-wrapper\">\n\t\t\t\t\t\t\t\t\t<span class=\"elementor-button-text\">Kontakt<\/span>\n\t\t\t\t\t<\/span>\n\t\t\t\t\t<\/a>\n\t\t<\/div>\n\t\t\t\t<\/div>\n\t\t\t\t<\/div>\n\t\t\t\t<div class=\"elementor-element elementor-element-1429fb2 elementor-widget elementor-widget-spacer\" data-id=\"1429fb2\" data-element_type=\"widget\" data-widget_type=\"spacer.default\">\n\t\t\t\t<div class=\"elementor-widget-container\">\n\t\t\t\t\t<div class=\"elementor-spacer\">\n\t\t\t<div class=\"elementor-spacer-inner\"><\/div>\n\t\t<\/div>\n\t\t\t\t<\/div>\n\t\t\t\t<\/div>\n\t\t\t\t\t<\/div>\n\t\t\t\t<\/div>\n\t\t\t\t<\/div>\n\t\t","protected":false},"excerpt":{"rendered":"<p>Essenziel f\u00fcr jedes Restaurant ERKUNDEN \u00dcber place2eat Place2Eat wurde mit Einfachheit und Intuition gestaltet. Nach unz\u00e4hligen Stunden und gro\u00dfer Hingabe bieten wir ein nahtloses Tischreservierungserlebnis. Wir hoffen, dass Sie es genauso sch\u00e4tzen wie wir. Tauchen Sie mit uns in Ihr kulinarisches Abenteuer ein! Restaurant Editor Mit unserem Restaurant-Editor steht Ihnen die Freiheit zur Verf\u00fcgung, Ihr [&hellip;]<\/p>\n","protected":false},"author":1,"featured_media":0,"parent":0,"menu_order":0,"comment_status":"closed","ping_status":"closed","template":"","meta":{"footnotes":""},"class_list":["post-27","page","type-page","status-publish","hentry"],"_links":{"self":[{"href":"https:\/\/place2eat.eu\/index.php\/wp-json\/wp\/v2\/pages\/27","targetHints":{"allow":["GET"]}}],"collection":[{"href":"https:\/\/place2eat.eu\/index.php\/wp-json\/wp\/v2\/pages"}],"about":[{"href":"https:\/\/place2eat.eu\/index.php\/wp-json\/wp\/v2\/types\/page"}],"author":[{"embeddable":true,"href":"https:\/\/place2eat.eu\/index.php\/wp-json\/wp\/v2\/users\/1"}],"replies":[{"embeddable":true,"href":"https:\/\/place2eat.eu\/index.php\/wp-json\/wp\/v2\/comments?post=27"}],"version-history":[{"count":23,"href":"https:\/\/place2eat.eu\/index.php\/wp-json\/wp\/v2\/pages\/27\/revisions"}],"predecessor-version":[{"id":91,"href":"https:\/\/place2eat.eu\/index.php\/wp-json\/wp\/v2\/pages\/27\/revisions\/91"}],"wp:attachment":[{"href":"https:\/\/place2eat.eu\/index.php\/wp-json\/wp\/v2\/media?parent=27"}],"curies":[{"name":"wp","href":"https:\/\/api.w.org\/{rel}","templated":true}]}}